{"id":31,"date":"2019-06-04T21:39:44","date_gmt":"2019-06-04T19:39:44","guid":{"rendered":"http:\/\/dia-succari.com\/site\/?page_id=31"},"modified":"2019-10-02T13:27:33","modified_gmt":"2019-10-02T11:27:33","slug":"video","status":"publish","type":"page","link":"http:\/\/dia-succari.com\/site\/video\/","title":{"rendered":"Vid\u00e9o"},"content":{"rendered":"<div id=\"pl-gb31-6a05bf70220e5\"  class=\"panel-layout\" ><div id=\"pg-gb31-6a05bf70220e5-0\"  class=\"panel-grid panel-has-style\" ><div class=\"video panel-row-style panel-row-style-for-gb31-6a05bf70220e5-0\" ><div id=\"pgc-gb31-6a05bf70220e5-0-0\"  class=\"panel-grid-cell\" ><div id=\"panel-gb31-6a05bf70220e5-0-0-0\" class=\"widget_text so-panel widget widget_custom_html panel-first-child panel-last-child\" data-index=\"0\" ><div class=\"textwidget custom-html-widget\"><iframe width=\"350\" src=\"https:\/\/www.youtube.com\/embed\/GFb0ncjQnpY\" frameborder=\"0\" allow=\"accelerometer; autoplay; encrypted-media; gyroscope; picture-in-picture\" allowfullscreen><\/iframe><\/div><\/div><\/div><div id=\"pgc-gb31-6a05bf70220e5-0-1\"  class=\"panel-grid-cell\" ><div id=\"panel-gb31-6a05bf70220e5-0-1-0\" class=\"so-panel widget widget_sow-editor panel-first-child panel-last-child\" data-index=\"1\" ><div class=\"so-widget-sow-editor so-widget-sow-editor-base\"><h3 class=\"widget-title\">Mus\u00e9e BATHA, F\u00e8s, Maroc<\/h3>\n<div class=\"siteorigin-widget-tinymce textwidget\">\n\t<p>Marouan Benabdallah joue \u00ab La nuit du destin \u00bb de Dia Succari<\/p>\n<\/div>\n<\/div><\/div><\/div><\/div><\/div><div id=\"pg-gb31-6a05bf70220e5-1\"  class=\"panel-grid panel-has-style\" ><div class=\"video panel-row-style panel-row-style-for-gb31-6a05bf70220e5-1\" ><div id=\"pgc-gb31-6a05bf70220e5-1-0\"  class=\"panel-grid-cell\" ><div id=\"panel-gb31-6a05bf70220e5-1-0-0\" class=\"widget_text so-panel widget widget_custom_html panel-first-child panel-last-child\" data-index=\"2\" ><div class=\"textwidget custom-html-widget\"><video controls width=\"350\">\n    <source src=\"..\/wp-content\/uploads\/videos\/video-berlin.mp4\" type=\"video\/mp4\">\n    D\u00e9sol\u00e9, votre navigateur ne supporte pas les vid\u00e9os.\n<\/video><\/div><\/div><\/div><div id=\"pgc-gb31-6a05bf70220e5-1-1\"  class=\"panel-grid-cell\" ><div id=\"panel-gb31-6a05bf70220e5-1-1-0\" class=\"so-panel widget widget_sow-editor panel-first-child panel-last-child\" data-index=\"3\" ><div class=\"so-widget-sow-editor so-widget-sow-editor-base\"><h3 class=\"widget-title\">Salle Pierre boulez, Berlin Allemagne<\/h3>\n<div class=\"siteorigin-widget-tinymce textwidget\">\n\t<p>Quintette 1er mouvement &#8211; Dia Succari<br \/>\nKinan Aszmeh clarinette, Wissem Ben Ammar alto, Maias Alamani violon, Hassan Moataz violoncelle, Rami Khalif\u00e9 piano<\/p>\n<\/div>\n<\/div><\/div><\/div><\/div><\/div><div id=\"pg-gb31-6a05bf70220e5-2\"  class=\"panel-grid panel-has-style\" ><div class=\"video panel-row-style panel-row-style-for-gb31-6a05bf70220e5-2\" ><div id=\"pgc-gb31-6a05bf70220e5-2-0\"  class=\"panel-grid-cell\" ><div id=\"panel-gb31-6a05bf70220e5-2-0-0\" class=\"widget_text so-panel widget widget_custom_html panel-first-child panel-last-child\" data-index=\"4\" ><div class=\"textwidget custom-html-widget\"><video controls width=\"350\">\n    <source src=\"..\/wp-content\/uploads\/videos\/la-pluie-qu-ont-versee-les-etoiles.mp4\" type=\"video\/mp4\">\n    D\u00e9sol\u00e9, votre navigateur ne supporte pas les vid\u00e9os.\n<\/video><\/div><\/div><\/div><div id=\"pgc-gb31-6a05bf70220e5-2-1\"  class=\"panel-grid-cell\" ><div id=\"panel-gb31-6a05bf70220e5-2-1-0\" class=\"so-panel widget widget_sow-editor panel-first-child panel-last-child\" data-index=\"5\" ><div class=\"so-widget-sow-editor so-widget-sow-editor-base\"><h3 class=\"widget-title\">\u00a0CONCERT conservatoire de Suresnes<\/h3>\n<div class=\"siteorigin-widget-tinymce textwidget\">\n\t<p>\u00ab\u00a0la pluie qu\u2019ont vers\u00e9e les \u00e9toiles\u00a0\u00bb de Dia Succari dirig\u00e9e par lui-m\u00eame.<\/p>\n<\/div>\n<\/div><\/div><\/div><\/div><\/div><div id=\"pg-gb31-6a05bf70220e5-3\"  class=\"panel-grid panel-has-style\" ><div class=\"video panel-row-style panel-row-style-for-gb31-6a05bf70220e5-3\" ><div id=\"pgc-gb31-6a05bf70220e5-3-0\"  class=\"panel-grid-cell\" ><div id=\"panel-gb31-6a05bf70220e5-3-0-0\" class=\"widget_text so-panel widget widget_custom_html panel-first-child panel-last-child\" data-index=\"6\" ><div class=\"textwidget custom-html-widget\"><iframe class=\"alignleft\" width=\"350px\" height=\"\" src=\"https:\/\/www.youtube.com\/embed\/eauo4FPWYTc\" frameborder=\"0\" allow=\"accelerometer; autoplay; encrypted-media; gyroscope; picture-in-picture\" allowfullscreen><\/iframe><\/div><\/div><\/div><div id=\"pgc-gb31-6a05bf70220e5-3-1\"  class=\"panel-grid-cell\" ><div id=\"panel-gb31-6a05bf70220e5-3-1-0\" class=\"so-panel widget widget_sow-editor panel-first-child panel-last-child\" data-index=\"7\" ><div class=\"so-widget-sow-editor so-widget-sow-editor-base\"><h3 class=\"widget-title\">CONCERT RIYAD Nicolas, Londres<\/h3>\n<div class=\"siteorigin-widget-tinymce textwidget\">\n\t<p class=\"p1\">Suite Syrienne Dia Succari, SAMAH<\/p>\n<\/div>\n<\/div><\/div><\/div><\/div><\/div><div id=\"pg-gb31-6a05bf70220e5-4\"  class=\"panel-grid panel-has-style\" ><div class=\"video panel-row-style panel-row-style-for-gb31-6a05bf70220e5-4\" ><div id=\"pgc-gb31-6a05bf70220e5-4-0\"  class=\"panel-grid-cell\" ><div id=\"panel-gb31-6a05bf70220e5-4-0-0\" class=\"widget_text so-panel widget widget_custom_html panel-first-child panel-last-child\" data-index=\"8\" ><div class=\"textwidget custom-html-widget\"><video controls width=\"350\">\n    <source src=\"..\/wp-content\/uploads\/videos\/poussiere-du-temps-a-droite.mp4\" type=\"video\/mp4\">\n    D\u00e9sol\u00e9, votre navigateur ne supporte pas les vid\u00e9os.\n<\/video><\/div><\/div><\/div><div id=\"pgc-gb31-6a05bf70220e5-4-1\"  class=\"panel-grid-cell\" ><div id=\"panel-gb31-6a05bf70220e5-4-1-0\" class=\"so-panel widget widget_sow-editor panel-first-child panel-last-child\" data-index=\"9\" ><div class=\"so-widget-sow-editor so-widget-sow-editor-base\"><h3 class=\"widget-title\">CONCERT salle CORTOT, Paris 24 janvier 2014<\/h3>\n<div class=\"siteorigin-widget-tinymce textwidget\">\n\t<p class=\"p1\">Poussi\u00e8re du temps de DIA SUCCARI<br \/>\nMich\u00e8le Edmond-Mariette et Alexandre Levy<\/p>\n<\/div>\n<\/div><\/div><\/div><\/div><\/div><div id=\"pg-gb31-6a05bf70220e5-5\"  class=\"panel-grid panel-has-style\" ><div class=\"video panel-row-style panel-row-style-for-gb31-6a05bf70220e5-5\" ><div id=\"pgc-gb31-6a05bf70220e5-5-0\"  class=\"panel-grid-cell\" ><div id=\"panel-gb31-6a05bf70220e5-5-0-0\" class=\"widget_text so-panel widget widget_custom_html panel-first-child panel-last-child\" data-index=\"10\" ><div class=\"textwidget custom-html-widget\"><video controls width=\"350\">\n    <source src=\"..\/wp-content\/uploads\/videos\/charmeur-des-sables.mp4\" type=\"video\/mp4\">\n    D\u00e9sol\u00e9, votre navigateur ne supporte pas les vid\u00e9os.\n<\/video><\/div><\/div><\/div><div id=\"pgc-gb31-6a05bf70220e5-5-1\"  class=\"panel-grid-cell\" ><div id=\"panel-gb31-6a05bf70220e5-5-1-0\" class=\"so-panel widget widget_sow-editor panel-first-child panel-last-child\" data-index=\"11\" ><div class=\"so-widget-sow-editor so-widget-sow-editor-base\"><h3 class=\"widget-title\">Charmeur des sables<\/h3>\n<div class=\"siteorigin-widget-tinymce textwidget\">\n\t<p>Mich\u00e8le Edmond-Mariette et Laszio Hadady<\/p>\n<\/div>\n<\/div><\/div><\/div><\/div><\/div><div id=\"pg-gb31-6a05bf70220e5-6\"  class=\"panel-grid panel-has-style\" ><div class=\"video panel-row-style panel-row-style-for-gb31-6a05bf70220e5-6\" ><div id=\"pgc-gb31-6a05bf70220e5-6-0\"  class=\"panel-grid-cell\" ><div id=\"panel-gb31-6a05bf70220e5-6-0-0\" class=\"widget_text so-panel widget widget_custom_html panel-first-child panel-last-child\" data-index=\"12\" ><div class=\"textwidget custom-html-widget\"><video controls width=\"350\">\n    <source src=\"..\/wp-content\/uploads\/videos\/aleph-lam-mim.mp4\" type=\"video\/mp4\">\n    D\u00e9sol\u00e9, votre navigateur ne supporte pas les vid\u00e9os.\n<\/video><\/div><\/div><\/div><div id=\"pgc-gb31-6a05bf70220e5-6-1\"  class=\"panel-grid-cell\" ><div id=\"panel-gb31-6a05bf70220e5-6-1-0\" class=\"so-panel widget widget_sow-editor panel-first-child panel-last-child\" data-index=\"13\" ><div class=\"so-widget-sow-editor so-widget-sow-editor-base\"><h3 class=\"widget-title\">Aleph Lam Mim<\/h3>\n<div class=\"siteorigin-widget-tinymce textwidget\">\n\t<p>Mich\u00e8le Edmond-Mariette, Vinh Pham, Wissem Ben Ammar, Livia Stanese<\/p>\n<\/div>\n<\/div><\/div><\/div><\/div><\/div><div id=\"pg-gb31-6a05bf70220e5-7\"  class=\"panel-grid panel-has-style\" ><div class=\"video panel-row-style panel-row-style-for-gb31-6a05bf70220e5-7\" ><div id=\"pgc-gb31-6a05bf70220e5-7-0\"  class=\"panel-grid-cell\" ><div id=\"panel-gb31-6a05bf70220e5-7-0-0\" class=\"widget_text so-panel widget widget_custom_html panel-first-child panel-last-child\" data-index=\"14\" ><div class=\"textwidget custom-html-widget\"><video controls width=\"350\">\n    <source src=\"..\/wp-content\/uploads\/videos\/centre-culturel-algerien.mp4\" type=\"video\/mp4\">\n    D\u00e9sol\u00e9, votre navigateur ne supporte pas les vid\u00e9os.\n<\/video><\/div><\/div><\/div><div id=\"pgc-gb31-6a05bf70220e5-7-1\"  class=\"panel-grid-cell\" ><div id=\"panel-gb31-6a05bf70220e5-7-1-0\" class=\"so-panel widget widget_sow-editor panel-first-child panel-last-child\" data-index=\"15\" ><div class=\"so-widget-sow-editor so-widget-sow-editor-base\"><h3 class=\"widget-title\">Concert, Paris<\/h3>\n<div class=\"siteorigin-widget-tinymce textwidget\">\n\t<p>Fugue 1 Dia Succari sous sa direction<\/p>\n<\/div>\n<\/div><\/div><\/div><\/div><\/div><div id=\"pg-gb31-6a05bf70220e5-8\"  class=\"panel-grid panel-has-style\" ><div class=\"panel-row-style panel-row-style-for-gb31-6a05bf70220e5-8\" ><div id=\"pgc-gb31-6a05bf70220e5-8-0\"  class=\"panel-grid-cell\" ><div id=\"panel-gb31-6a05bf70220e5-8-0-0\" class=\"widget_text so-panel widget widget_custom_html panel-first-child panel-last-child\" data-index=\"16\" ><div class=\"textwidget custom-html-widget\"><iframe class=\"aligncenter\" width=\"\" height=\"170\" src=\"https:\/\/www.youtube.com\/embed\/2VaWBV9-Bac\" frameborder=\"0\" allow=\"accelerometer; autoplay; encrypted-media; gyroscope; picture-in-picture\" allowfullscreen><\/iframe><\/div><\/div><\/div><div id=\"pgc-gb31-6a05bf70220e5-8-1\"  class=\"panel-grid-cell\" ><div id=\"panel-gb31-6a05bf70220e5-8-1-0\" class=\"widget_text so-panel widget widget_custom_html panel-first-child panel-last-child\" data-index=\"17\" ><div class=\"textwidget custom-html-widget\"><iframe class=\"aligncenter\" width=\"\" height=\"170\" src=\"https:\/\/www.youtube.com\/embed\/4oObAGpof78\" frameborder=\"0\" allow=\"accelerometer; autoplay; encrypted-media; gyroscope; picture-in-picture\" allowfullscreen><\/iframe><\/div><\/div><\/div><div id=\"pgc-gb31-6a05bf70220e5-8-2\"  class=\"panel-grid-cell\" ><div id=\"panel-gb31-6a05bf70220e5-8-2-0\" class=\"widget_text so-panel widget widget_custom_html panel-first-child panel-last-child\" data-index=\"18\" ><div class=\"textwidget custom-html-widget\"><video controls width=\"\" height=\"170px\">\n    <source src=\"..\/wp-content\/uploads\/videos\/sous-le-regard-cite-tous.mp4\" type=\"video\/mp4\">\n    D\u00e9sol\u00e9, votre navigateur ne supporte pas les vid\u00e9os.\n<\/video><\/div><\/div><\/div><\/div><\/div><div id=\"pg-gb31-6a05bf70220e5-9\"  class=\"panel-grid panel-no-style\" ><div id=\"pgc-gb31-6a05bf70220e5-9-0\"  class=\"panel-grid-cell\" ><div id=\"panel-gb31-6a05bf70220e5-9-0-0\" class=\"widget_text so-panel widget widget_custom_html panel-first-child panel-last-child\" data-index=\"19\" ><div class=\"textwidget custom-html-widget\"><iframe class=\"aligncenter\" width=\"\" height=\"170\" src=\"https:\/\/www.youtube.com\/embed\/kJI2BuyBqPY\" frameborder=\"0\" allow=\"accelerometer; autoplay; encrypted-media; gyroscope; picture-in-picture\" allowfullscreen><\/iframe><\/div><\/div><\/div><div id=\"pgc-gb31-6a05bf70220e5-9-1\"  class=\"panel-grid-cell\" ><div id=\"panel-gb31-6a05bf70220e5-9-1-0\" class=\"widget_text so-panel widget widget_custom_html panel-first-child panel-last-child\" data-index=\"20\" ><div class=\"textwidget custom-html-widget\"><iframe class=\"aligncenter\" width=\"\" height=\"170\" src=\"https:\/\/www.youtube.com\/embed\/hzErXiz1e4I\" frameborder=\"0\" allow=\"accelerometer; autoplay; encrypted-media; gyroscope; picture-in-picture\" allowfullscreen><\/iframe><\/div><\/div><\/div><div id=\"pgc-gb31-6a05bf70220e5-9-2\"  class=\"panel-grid-cell\" ><div id=\"panel-gb31-6a05bf70220e5-9-2-0\" class=\"widget_text so-panel widget widget_custom_html panel-first-child panel-last-child\" data-index=\"21\" ><div class=\"textwidget custom-html-widget\"><iframe class=\"aligncenter\" width=\"\" height=\"170\" src=\"https:\/\/www.youtube.com\/embed\/NmiIW0CQQxk\" frameborder=\"0\" allow=\"accelerometer; autoplay; encrypted-media; gyroscope; picture-in-picture\" allowfullscreen><\/iframe><\/div><\/div><\/div><\/div><div id=\"pg-gb31-6a05bf70220e5-10\"  class=\"panel-grid panel-no-style\" ><div id=\"pgc-gb31-6a05bf70220e5-10-0\"  class=\"panel-grid-cell\" ><div id=\"panel-gb31-6a05bf70220e5-10-0-0\" class=\"widget_text so-panel widget widget_custom_html panel-first-child panel-last-child\" data-index=\"22\" ><div class=\"textwidget custom-html-widget\"><iframe width=\"\" height=\"170\" src=\"https:\/\/www.youtube.com\/embed\/DjugbFtvFrQ\" frameborder=\"0\" allow=\"accelerometer; autoplay; encrypted-media; gyroscope; picture-in-picture\" allowfullscreen><\/iframe><\/div><\/div><\/div><div id=\"pgc-gb31-6a05bf70220e5-10-1\"  class=\"panel-grid-cell\" ><div id=\"panel-gb31-6a05bf70220e5-10-1-0\" class=\"widget_text so-panel widget widget_custom_html panel-first-child panel-last-child\" data-index=\"23\" ><div class=\"textwidget custom-html-widget\"><iframe width=\"\" height=\"170\" src=\"https:\/\/www.youtube.com\/embed\/SqyPO7VVDNQ\" frameborder=\"0\" allow=\"accelerometer; autoplay; encrypted-media; gyroscope; picture-in-picture\" allowfullscreen><\/iframe><\/div><\/div><\/div><div id=\"pgc-gb31-6a05bf70220e5-10-2\"  class=\"panel-grid-cell\" ><div id=\"panel-gb31-6a05bf70220e5-10-2-0\" class=\"widget_text so-panel widget widget_custom_html panel-first-child panel-last-child\" data-index=\"24\" ><div class=\"textwidget custom-html-widget\"><iframe height=\"170\" src=\"https:\/\/www.youtube.com\/embed\/8NWPz7X5sh8\" frameborder=\"0\" allow=\"accelerometer; autoplay; encrypted-media; gyroscope; picture-in-picture\" allowfullscreen><\/iframe><\/div><\/div><\/div><\/div><div id=\"pg-gb31-6a05bf70220e5-11\"  class=\"panel-grid panel-has-style\" ><div class=\"panel-row-style panel-row-style-for-gb31-6a05bf70220e5-11\" ><div id=\"pgc-gb31-6a05bf70220e5-11-0\"  class=\"panel-grid-cell panel-grid-cell-empty\" ><\/div><div id=\"pgc-gb31-6a05bf70220e5-11-1\"  class=\"panel-grid-cell panel-grid-cell-empty panel-grid-cell-mobile-last\" ><\/div><div id=\"pgc-gb31-6a05bf70220e5-11-2\"  class=\"panel-grid-cell panel-grid-cell-empty\" ><\/div><\/div><\/div><\/div>","protected":false},"excerpt":{"rendered":"","protected":false},"author":1,"featured_media":0,"parent":0,"menu_order":0,"comment_status":"closed","ping_status":"closed","template":"","meta":[],"_links":{"self":[{"href":"http:\/\/dia-succari.com\/site\/wp-json\/wp\/v2\/pages\/31"}],"collection":[{"href":"http:\/\/dia-succari.com\/site\/wp-json\/wp\/v2\/pages"}],"about":[{"href":"http:\/\/dia-succari.com\/site\/wp-json\/wp\/v2\/types\/page"}],"author":[{"embeddable":true,"href":"http:\/\/dia-succari.com\/site\/wp-json\/wp\/v2\/users\/1"}],"replies":[{"embeddable":true,"href":"http:\/\/dia-succari.com\/site\/wp-json\/wp\/v2\/comments?post=31"}],"version-history":[{"count":55,"href":"http:\/\/dia-succari.com\/site\/wp-json\/wp\/v2\/pages\/31\/revisions"}],"predecessor-version":[{"id":456,"href":"http:\/\/dia-succari.com\/site\/wp-json\/wp\/v2\/pages\/31\/revisions\/456"}],"wp:attachment":[{"href":"http:\/\/dia-succari.com\/site\/wp-json\/wp\/v2\/media?parent=31"}],"curies":[{"name":"wp","href":"https:\/\/api.w.org\/{rel}","templated":true}]}}